{"id":4263,"date":"2018-12-06T01:18:14","date_gmt":"2018-12-06T01:18:14","guid":{"rendered":"http:\/\/expertsindustrialdesign.com\/?page_id=4263"},"modified":"2025-01-18T12:27:03","modified_gmt":"2025-01-18T12:27:03","slug":"ingenierie-mecanique-simulation","status":"publish","type":"page","link":"https:\/\/expertsindustrialdesign.com\/fr\/services\/ingenierie-mecanique-simulation\/","title":{"rendered":"Ing\u00e9nierie et simulation"},"content":{"rendered":"<div id='layer_slider_1'  class='avia-layerslider main_color avia-shadow  avia-builder-el-0  el_before_av_heading  avia-builder-el-first  container_wrap sidebar_right'  style='height: 501px;'  ><\/div><div id='after_layer_slider_1'  class='main_color av_default_container_wrap container_wrap sidebar_right'  ><div class='container av-section-cont-open' ><div class='template-page content  av-content-small alpha units'><div class='post-entry post-entry-type-page post-entry-4263'><div class='entry-content-wrapper clearfix'>\n\n<style type=\"text\/css\" data-created_by=\"avia_inline_auto\" id=\"style-css-av-dy4n6p-2fb37731a631ca9b42b9cf9db5c96b77\">\n#top .av-special-heading.av-dy4n6p-2fb37731a631ca9b42b9cf9db5c96b77{\npadding-bottom:10px;\n}\nbody .av-special-heading.av-dy4n6p-2fb37731a631ca9b42b9cf9db5c96b77 .av-special-heading-tag .heading-char{\nfont-size:25px;\n}\n.av-special-heading.av-dy4n6p-2fb37731a631ca9b42b9cf9db5c96b77 .av-subheading{\nfont-size:15px;\n}\n<\/style>\n<div  class='av-special-heading av-dy4n6p-2fb37731a631ca9b42b9cf9db5c96b77 av-special-heading-h2  avia-builder-el-1  el_after_av_layerslider  el_before_av_textblock  avia-builder-el-first '><h2 class='av-special-heading-tag'  itemprop=\"headline\"  >Valeur ajout\u00e9e du service d\u2019ing\u00e9nierie m\u00e9canique<\/h2><div class=\"special-heading-border\"><div class=\"special-heading-inner-border\"><\/div><\/div><\/div>\n<section  class='av_textblock_section av-ctl0w1-2d3c6b2549daad95feda5751976e59be '   itemscope=\"itemscope\" itemtype=\"https:\/\/schema.org\/CreativeWork\" ><div class='avia_textblock'  itemprop=\"text\" ><ul>\n<li>\u00c9tudes de fatigue<\/li>\n<li>Analyse de mouvement<\/li>\n<li>Analyse par \u00e9l\u00e9ments finis<\/li>\n<li>Analyse des charges et des contraintes<\/li>\n<li>Analyse thermique<\/li>\n<li>Analyse de fr\u00e9quence et de vibration<\/li>\n<li>Analyse des contraintes, des d\u00e9formations et des d\u00e9placements<\/li>\n<li>Analyse non lin\u00e9aire<\/li>\n<li>Analyse de la dynamique des fluides computationnelle<\/li>\n<\/ul>\n<\/div><\/section>\n\n<style type=\"text\/css\" data-created_by=\"avia_inline_auto\" id=\"style-css-av-ahbrcx-1f8a7205f2dcfb6333753f4f3d476404\">\n#top .av-special-heading.av-ahbrcx-1f8a7205f2dcfb6333753f4f3d476404{\npadding-bottom:10px;\n}\nbody .av-special-heading.av-ahbrcx-1f8a7205f2dcfb6333753f4f3d476404 .av-special-heading-tag .heading-char{\nfont-size:25px;\n}\n.av-special-heading.av-ahbrcx-1f8a7205f2dcfb6333753f4f3d476404 .av-subheading{\nfont-size:15px;\n}\n<\/style>\n<div  class='av-special-heading av-ahbrcx-1f8a7205f2dcfb6333753f4f3d476404 av-special-heading-h2  avia-builder-el-3  el_after_av_textblock  el_before_av_textblock '><h2 class='av-special-heading-tag'  itemprop=\"headline\"  >Processus de service d\u2019ing\u00e9nierie m\u00e9canique<\/h2><div class=\"special-heading-border\"><div class=\"special-heading-inner-border\"><\/div><\/div><\/div>\n<section  class='av_textblock_section av-9lpuup-0f90494df02bc828ba52dbf632c8e6d9 '   itemscope=\"itemscope\" itemtype=\"https:\/\/schema.org\/CreativeWork\" ><div class='avia_textblock'  itemprop=\"text\" ><p>En fonction du produit con\u00e7u, certaines simulations peuvent \u00eatre recommand\u00e9es ou non. Dans certains cas, il est efficace d&rsquo;effectuer une analyse pour \u00e9viter de futurs probl\u00e8mes sur votre conception. De nombreuses entreprises effectuant des conceptions CAO n&rsquo;utilisent pas de simulation et se contentent de passer \u00e0 la production sans critiquer et v\u00e9rifier suffisamment leur conception avant de proc\u00e9der au prototypage et \u00e0 la fabrication.<\/p>\n<p>Si l&rsquo;on consid\u00e8re maintenant les entreprises les plus exigeantes (automobile, a\u00e9rospatiale, m\u00e9dicale, produits industriels), elles effectuent toutes des simulations avant de passer \u00e0 l&rsquo;\u00e9tape du prototypage et de la fabrication.<\/p>\n<\/div><\/section>\n\n<style type=\"text\/css\" data-created_by=\"avia_inline_auto\" id=\"style-css-av-87qy1t-e99a56623bd9c218254ccd56e6b87616\">\n#top .av-special-heading.av-87qy1t-e99a56623bd9c218254ccd56e6b87616{\npadding-bottom:10px;\n}\nbody .av-special-heading.av-87qy1t-e99a56623bd9c218254ccd56e6b87616 .av-special-heading-tag .heading-char{\nfont-size:25px;\n}\n.av-special-heading.av-87qy1t-e99a56623bd9c218254ccd56e6b87616 .av-subheading{\nfont-size:15px;\n}\n<\/style>\n<div  class='av-special-heading av-87qy1t-e99a56623bd9c218254ccd56e6b87616 av-special-heading-h2  avia-builder-el-5  el_after_av_textblock  el_before_av_textblock '><h2 class='av-special-heading-tag'  itemprop=\"headline\"  >Service d\u2019ing\u00e9nierie m\u00e9canique pour qui ?<\/h2><div class=\"special-heading-border\"><div class=\"special-heading-inner-border\"><\/div><\/div><\/div>\n<section  class='av_textblock_section av-6e5mc1-c5e0782d9552ce58b62a27a0f88c64eb '   itemscope=\"itemscope\" itemtype=\"https:\/\/schema.org\/CreativeWork\" ><div class='avia_textblock'  itemprop=\"text\" ><ul>\n<li>Pour les personnes souhaitant simuler leur conception avant de commencer le prototypage et la fabrication<\/li>\n<li>Pour les personnes souhaitant \u00e9conomiser du temps et de l&rsquo;argent sur les tests mat\u00e9riels en simulant au pr\u00e9alable<\/li>\n<li>Pour les personnes souhaitant v\u00e9rifier et valider leur conception avant de progresser dans le processus de d\u00e9veloppement du produit<\/li>\n<\/ul>\n<\/div><\/section>\n<div  class='av_promobox av-37kqyp-9ab07f6f23b57824b8cc884950d1c253 avia-button-yes  avia-builder-el-7  el_after_av_textblock  el_before_av_heading '><div class='avia-promocontent'><p>\nN&rsquo;h\u00e9sitez pas \u00e0 demander une premi\u00e8re consultation gratuite sur votre projet.<\/p>\n<\/div><div  class='avia-button-wrap av-37kqyp-215a84b7b6ed2f62fd5338cb011b230e-wrap avia-button-right '><a href='https:\/\/expertsindustrialdesign.com\/fr\/contact\/'  class='avia-button av-37kqyp-215a84b7b6ed2f62fd5338cb011b230e avia-icon_select-yes-left-icon avia-size-large avia-position-right avia-color-theme-color'  target=\"_blank\"  rel=\"noopener noreferrer\" ><span class='avia_button_icon avia_button_icon_left' aria-hidden='true' data-av_icon='\ue83c' data-av_iconfont='entypo-fontello'><\/span><span class='avia_iconbox_title' >Parlons de votre projet maintenant !<\/span><\/a><\/div><\/div>\n\n<style type=\"text\/css\" data-created_by=\"avia_inline_auto\" id=\"style-css-av-m6256gs8-3c4afa6075160e1214ce2cae878bab31\">\n#top .av-special-heading.av-m6256gs8-3c4afa6075160e1214ce2cae878bab31{\npadding-bottom:10px;\n}\nbody .av-special-heading.av-m6256gs8-3c4afa6075160e1214ce2cae878bab31 .av-special-heading-tag .heading-char{\nfont-size:25px;\n}\n.av-special-heading.av-m6256gs8-3c4afa6075160e1214ce2cae878bab31 .av-subheading{\nfont-size:15px;\n}\n<\/style>\n<div  class='av-special-heading av-m6256gs8-3c4afa6075160e1214ce2cae878bab31 av-special-heading-h3  avia-builder-el-8  el_after_av_promobox  el_before_av_one_third '><h3 class='av-special-heading-tag'  itemprop=\"headline\"  >Lieux d\u2018interventions de prestations d\u2019ing\u00e9nierie m\u00e9canique: <\/h3><div class=\"special-heading-border\"><div class=\"special-heading-inner-border\"><\/div><\/div><\/div>\n<div  class='flex_column av-av_one_third-048119fdb636ea3d70edc0b975509c6c av_one_third  avia-builder-el-9  el_after_av_heading  el_before_av_one_third  first flex_column_div  '     ><section  class='av_textblock_section av-m6255hcw-3e743a3710ff95107d9b18b8a404873b '   itemscope=\"itemscope\" itemtype=\"https:\/\/schema.org\/CreativeWork\" ><div class='avia_textblock'  itemprop=\"text\" ><section id=\"custom_html-3\" class=\"widget_text widget clearfix widget_custom_html amr_widget\"><div class=\"textwidget custom-html-widget\"><ul>\r\n \t<li>Aix en Provence<\/li>\r\n \t<li>Annecy<\/li>\r\n \t<li>Bordeaux<\/li>\r\n \t<li>Bourges<\/li>\r\n \t<li>Brest<\/li>\r\n \t<li>Caen<\/li>\r\n \t<li>Cherbourg<\/li>\r\n \t<li>Besan\u00e7on<\/li>\r\n \t<li>La Rochelle<\/li>\r\n<\/ul><\/div><span class=\"seperator extralight-border\"><\/span><\/section>\n<\/div><\/section><\/div><div  class='flex_column av-av_one_third-feecfcc73494c68bb0d1632d1d5c38ae av_one_third  avia-builder-el-11  el_after_av_one_third  el_before_av_one_third  flex_column_div  '     ><section  class='av_textblock_section av-m6257xiu-d0880d3de19401193010cd48a97f0491 '   itemscope=\"itemscope\" itemtype=\"https:\/\/schema.org\/CreativeWork\" ><div class='avia_textblock'  itemprop=\"text\" ><section id=\"custom_html-4\" class=\"widget_text widget clearfix widget_custom_html amr_widget\"><div class=\"textwidget custom-html-widget\"><ul>\r\n \t<li>Laval<\/li>\r\n \t<li>Le Havre<\/li>\r\n \t<li>Lille<\/li>\r\n \t<li>Lorient<\/li>\r\n \t<li>Lyon<\/li>\r\n \t<li>Marseille<\/li>\r\n \t<li>Montpellier<\/li>\r\n \t<li>Nantes<\/li>\r\n \t<li>Nice<\/li>\r\n<\/ul><\/div><span class=\"seperator extralight-border\"><\/span><\/section>\n<\/div><\/section><\/div><div  class='flex_column av-av_one_third-feecfcc73494c68bb0d1632d1d5c38ae av_one_third  avia-builder-el-13  el_after_av_one_third  el_before_av_textblock  flex_column_div  '     ><section  class='av_textblock_section av-m62594ev-231f0950c5626f882506aa2f04636f10 '   itemscope=\"itemscope\" itemtype=\"https:\/\/schema.org\/CreativeWork\" ><div class='avia_textblock'  itemprop=\"text\" ><section id=\"custom_html-5\" class=\"widget_text widget clearfix widget_custom_html amr_widget\"><div class=\"textwidget custom-html-widget\"><ul>\r\n \t<li>Orleans<\/li>\r\n \t<li>Paris<\/li>\r\n \t<li>Rennes<\/li>\r\n \t<li>Rouen<\/li>\r\n \t<li>Saint Etienne<\/li>\r\n \t<li>Saint Nazaire<\/li>\r\n \t<li>Toulon<\/li>\r\n \t<li>Toulouse<\/li>\r\n \t<li>Valence<\/li>\r\n<\/ul><\/div><span class=\"seperator extralight-border\"><\/span><\/section>\n<\/div><\/section><\/div><section  class='av_textblock_section av-m6251dup-b70bf29ef76b86dc223d75dd7ab578fe '   itemscope=\"itemscope\" itemtype=\"https:\/\/schema.org\/CreativeWork\" ><div class='avia_textblock'  itemprop=\"text\" >Tags: <a href=\"https:\/\/expertsindustrialdesign.com\/fr\/tag\/concepteur-mecanique\/\" rel=\"tag\">concepteur m\u00e9canique<\/a>, <a href=\"https:\/\/expertsindustrialdesign.com\/fr\/tag\/conception-mecanique-paris\/\" rel=\"tag\">conception m\u00e9canique paris<\/a>, <a href=\"https:\/\/expertsindustrialdesign.com\/fr\/tag\/service-de-conception-mecanique\/\" rel=\"tag\">service de conception m\u00e9canique<\/a>, <a href=\"https:\/\/expertsindustrialdesign.com\/fr\/tag\/service-design-mecanique\/\" rel=\"tag\">service design m\u00e9canique<\/a>, <a href=\"https:\/\/expertsindustrialdesign.com\/fr\/tag\/service-industrialisation-mecanique\/\" rel=\"tag\">service industrialisation m\u00e9canique<\/a>, <a href=\"https:\/\/expertsindustrialdesign.com\/fr\/tag\/service-ingenierie-mecanique\/\" rel=\"tag\">service ing\u00e9nierie m\u00e9canique<\/a><br \/>\n<\/div><\/section><\/p>\n","protected":false},"excerpt":{"rendered":"","protected":false},"author":1,"featured_media":3977,"parent":4257,"menu_order":0,"comment_status":"closed","ping_status":"open","template":"","meta":{"footnotes":""},"categories":[370],"tags":[584,585,178,582,583,65],"_links":{"self":[{"href":"https:\/\/expertsindustrialdesign.com\/fr\/wp-json\/wp\/v2\/pages\/4263"}],"collection":[{"href":"https:\/\/expertsindustrialdesign.com\/fr\/wp-json\/wp\/v2\/pages"}],"about":[{"href":"https:\/\/expertsindustrialdesign.com\/fr\/wp-json\/wp\/v2\/types\/page"}],"author":[{"embeddable":true,"href":"https:\/\/expertsindustrialdesign.com\/fr\/wp-json\/wp\/v2\/users\/1"}],"replies":[{"embeddable":true,"href":"https:\/\/expertsindustrialdesign.com\/fr\/wp-json\/wp\/v2\/comments?post=4263"}],"version-history":[{"count":12,"href":"https:\/\/expertsindustrialdesign.com\/fr\/wp-json\/wp\/v2\/pages\/4263\/revisions"}],"predecessor-version":[{"id":5787,"href":"https:\/\/expertsindustrialdesign.com\/fr\/wp-json\/wp\/v2\/pages\/4263\/revisions\/5787"}],"up":[{"embeddable":true,"href":"https:\/\/expertsindustrialdesign.com\/fr\/wp-json\/wp\/v2\/pages\/4257"}],"wp:featuredmedia":[{"embeddable":true,"href":"https:\/\/expertsindustrialdesign.com\/fr\/wp-json\/wp\/v2\/media\/3977"}],"wp:attachment":[{"href":"https:\/\/expertsindustrialdesign.com\/fr\/wp-json\/wp\/v2\/media?parent=4263"}],"wp:term":[{"taxonomy":"category","embeddable":true,"href":"https:\/\/expertsindustrialdesign.com\/fr\/wp-json\/wp\/v2\/categories?post=4263"},{"taxonomy":"post_tag","embeddable":true,"href":"https:\/\/expertsindustrialdesign.com\/fr\/wp-json\/wp\/v2\/tags?post=4263"}],"curies":[{"name":"wp","href":"https:\/\/api.w.org\/{rel}","templated":true}]}}